{"id":789,"date":"2025-01-15T09:27:43","date_gmt":"2025-01-15T09:27:43","guid":{"rendered":"https:\/\/hinsch.streamlinegmbh.de\/?page_id=789"},"modified":"2025-06-30T06:47:55","modified_gmt":"2025-06-30T06:47:55","slug":"das-unternehmen","status":"publish","type":"page","link":"https:\/\/hinsch-mietheizer.de\/index.php\/das-unternehmen\/","title":{"rendered":"Das Unternehmen"},"content":{"rendered":"\t\t<div data-elementor-type=\"wp-page\" data-elementor-id=\"789\" class=\"elementor elementor-789\" data-elementor-post-type=\"page\">\n\t\t\t\t<div class=\"elementor-element elementor-element-e6e1f71 e-flex e-con-boxed e-con e-parent\" data-id=\"e6e1f71\" data-element_type=\"container\" data-e-type=\"container\">\n\t\t\t\t\t<div class=\"e-con-inner\">\n\t\t<div class=\"elementor-element elementor-element-ded50da e-con-full e-flex e-con e-child\" data-id=\"ded50da\" data-element_type=\"container\" data-e-type=\"container\" data-settings=\"{&quot;background_background&quot;:&quot;classic&quot;}\">\n\t\t\t\t<div class=\"elementor-element elementor-element-f069199 elementor-widget elementor-widget-heading\" data-id=\"f069199\" data-element_type=\"widget\" data-e-type=\"widget\" data-widget_type=\"heading.default\">\n\t\t\t\t<div class=\"elementor-widget-container\">\n\t\t\t\t\t<h2 class=\"elementor-heading-title elementor-size-default\">Das Unternehmen Hinsch<\/h2>\t\t\t\t<\/div>\n\t\t\t\t<\/div>\n\t\t\t\t<\/div>\n\t\t\t\t\t<\/div>\n\t\t\t\t<\/div>\n\t\t<div class=\"elementor-element elementor-element-19cbba2 e-con-full e-flex e-con e-child\" data-id=\"19cbba2\" data-element_type=\"container\" data-e-type=\"container\">\n\t\t<div class=\"elementor-element elementor-element-e06d3c8 e-con-full e-flex e-con e-child\" data-id=\"e06d3c8\" data-element_type=\"container\" data-e-type=\"container\" data-settings=\"{&quot;background_background&quot;:&quot;classic&quot;}\">\n\t\t\t\t<div class=\"elementor-element elementor-element-4823076 elementor-widget elementor-widget-text-editor\" data-id=\"4823076\" data-element_type=\"widget\" data-e-type=\"widget\" data-widget_type=\"text-editor.default\">\n\t\t\t\t<div class=\"elementor-widget-container\">\n\t\t\t\t\t\t\t\t\t<p class=\"vc_custom_heading vc_custom_1552310638293\">Unsere Firmengeschichte<\/p>\n\n<h2 class=\"vc_custom_heading vc_custom_1557840530606\">Hinsch heizt Hallen<\/h2>\n<div class=\"wpb_single_image wpb_content_element vc_align_left wpb_animate_when_almost_visible wpb_left-to-right left-to-right vc_custom_1597754997680 wpb_start_animation animated\">\n<figure class=\"wpb_wrapper vc_figure\">\n<div class=\"vc_single_image-wrapper vc_box_border_grey\"><a href=\"https:\/\/hinsch-mietheizer.de\/wp-content\/uploads\/2025\/06\/Schild_02_.jpg\"><img fetchpriority=\"high\" decoding=\"async\" class=\"vc_single_image-img attachment-full\" title=\"HICO Transparent\" src=\"https:\/\/hinsch-mietheizer.de\/wp-content\/uploads\/2025\/06\/Schild_02_.jpg\" sizes=\"(max-width: 4032px) 100vw, 4032px\" srcset=\"https:\/\/hinsch-mietheizer.de\/wp-content\/uploads\/2025\/06\/Schild_02_.jpg 4032w, https:\/\/hinsch-mietheizer.de\/wp-content\/uploads\/2020\/08\/HICO-Transparent-300x225.jpg 300w, https:\/\/hinsch-mietheizer.de\/wp-content\/uploads\/2020\/08\/HICO-Transparent-768x576.jpg 768w, https:\/\/hinsch-mietheizer.de\/wp-content\/uploads\/2020\/08\/HICO-Transparent-1024x768.jpg 1024w, https:\/\/hinsch-mietheizer.de\/wp-content\/uploads\/2020\/08\/HICO-Transparent-150x113.jpg 150w\" alt=\"\" width=\"4032\" height=\"3024\" \/><\/a><\/div><\/figure>\n<\/div>\n<div class=\"wpb_text_column wpb_content_element vc_custom_1597754649996\">\n<div class=\"wpb_wrapper\">\n\nHinsch &amp; Co wurde am 01. April 1966 zun\u00e4chst als KG gegr\u00fcndet und firmiert seit 2008 als\nHinsch &amp; Co W\u00e4rmetechnische Ger\u00e4te GmbH &amp; Co KG.\n\nWir sind ein typisches Familienunternehmen, dessen St\u00e4rke u.a. in der intensiven, pers\u00f6nlichen Betreuung unserer Kunden zu finden ist.\n\nWir sind Mitglied sowohl der Handels- als auch der Handwerkskammer Hamburg.\n\nUnsere Aktivit\u00e4ten sind folgende:\n<ul>\n \t<li>Vertrieb w\u00e4rmetechnischer Ger\u00e4te, insbesondere von Warmlufterzeugern der Marken\u00a0<strong>HEYLO, NORDLUFT, Thermobile, REZNOR und VEAB<\/strong><\/li>\n \t<li>Wir\u00a0<strong>projektieren, installieren und betreuen Heizungsanlagen<\/strong>\u00a0\u2013 sowohl die Produkte vorgenannter Hersteller als auch Warmwasserheizungen mit Kesseleinheiten vornehmlich von VIESSMANN.<\/li>\n \t<li>Wir\u00a0<strong>vermieten in gro\u00dfem Umfang w\u00e4rmetechnische Ger\u00e4te, Ventilatoren, sowie Klima- und K\u00fchlger\u00e4te als auch Kondenstrockner<\/strong>\u00a0inklusive deren Aufstellung und Betriebsmittelversorgung. Erg\u00e4nzend dazu sind wir der\u00a0<strong>Service-St\u00fctzpunkt Hamburg\u00a0<\/strong>der Firma\u00a0<strong>HEIZKURIER<\/strong>, dem f\u00fchrenden Anbieter von leistungsf\u00e4higen\u00a0<strong>mobilen W\u00e4rme- und K\u00e4ltezentralen<\/strong>. Wir stellen die innovativen Anlagenkonzepte von HEIZKURIER f\u00fcr den Anwender betriebsbereit zur Verf\u00fcgung und sorgen f\u00fcr die termingerechte Durchf\u00fchrung aller erforderlichen Dienstleistungen.<\/li>\n<\/ul>\n\u00dcber die Gesch\u00e4ftsfelder einer klassischen Heizungsfirma hinaus stehen wir als Dienstleister partnerschaftlich der Baubranche, Veranstaltungsunternehmen, der Film- und Theaterbranche sowie der Industrie und Gewerbebetrieben im allgemeinen als auch Privatkunden zur Seite.\n\n<img decoding=\"async\" class=\"vc_single_image-img attachment-full\" title=\"signature2\" src=\"https:\/\/hinsch-mietheizer.de\/wp-content\/uploads\/2019\/07\/signature2.png\" sizes=\"(max-width: 490px) 100vw, 490px\" srcset=\"https:\/\/hinsch-mietheizer.de\/wp-content\/uploads\/2019\/07\/signature2.png 490w, https:\/\/hinsch-mietheizer.de\/wp-content\/uploads\/2019\/07\/signature2-300x50.png 300w, https:\/\/hinsch-mietheizer.de\/wp-content\/uploads\/2019\/07\/signature2-150x25.png 150w\" alt=\"\" width=\"490\" height=\"82\" \/>\n\n<\/div>\n<\/div>\t\t\t\t\t\t\t\t<\/div>\n\t\t\t\t<\/div>\n\t\t\t\t<\/div>\n\t\t<div class=\"elementor-element elementor-element-78b5eba e-con-full e-flex e-con e-child\" data-id=\"78b5eba\" data-element_type=\"container\" data-e-type=\"container\" data-settings=\"{&quot;background_background&quot;:&quot;classic&quot;}\">\n\t\t\t\t<div class=\"elementor-element elementor-element-d2eb924 elementor-widget__width-initial sec-col elementor-widget elementor-widget-heading\" data-id=\"d2eb924\" data-element_type=\"widget\" data-e-type=\"widget\" data-widget_type=\"heading.default\">\n\t\t\t\t<div class=\"elementor-widget-container\">\n\t\t\t\t\t<h2 class=\"elementor-heading-title elementor-size-default\">Wir beraten Sie gerne per Telefon<\/h2>\t\t\t\t<\/div>\n\t\t\t\t<\/div>\n\t\t\t\t<div class=\"elementor-element elementor-element-b9f23ce elementor-widget elementor-widget-text-editor\" data-id=\"b9f23ce\" data-element_type=\"widget\" data-e-type=\"widget\" data-widget_type=\"text-editor.default\">\n\t\t\t\t<div class=\"elementor-widget-container\">\n\t\t\t\t\t\t\t\t\t<p><span style=\"font-size: 16px;\">Wir beraten Sie gerne telefonisch in Sachen <\/span><strong style=\"font-size: 16px;\">Heizen, K\u00fchlen, Trocknen und L\u00fcften!\u00a0<\/strong><span style=\"font-size: 16px;\">\u00a0Bei uns finden Sie genau f\u00fcr Ihren Bedarf abgestimmte und funktionierende L\u00f6sungen f\u00fcr die von Ihnen gestellte Aufgabe. Preiswert und gut.<\/span><\/p>\t\t\t\t\t\t\t\t<\/div>\n\t\t\t\t<\/div>\n\t\t\t\t<div class=\"elementor-element elementor-element-5ec1e88 elementor-widget__width-initial elementor-view-default elementor-widget elementor-widget-icon\" data-id=\"5ec1e88\" data-element_type=\"widget\" data-e-type=\"widget\" data-widget_type=\"icon.default\">\n\t\t\t\t<div class=\"elementor-widget-container\">\n\t\t\t\t\t\t\t<div class=\"elementor-icon-wrapper\">\n\t\t\t<div class=\"elementor-icon\">\n\t\t\t<svg aria-hidden=\"true\" class=\"e-font-icon-svg e-fas-phone-volume\" viewBox=\"0 0 384 512\" xmlns=\"http:\/\/www.w3.org\/2000\/svg\"><path d=\"M97.333 506.966c-129.874-129.874-129.681-340.252 0-469.933 5.698-5.698 14.527-6.632 21.263-2.422l64.817 40.513a17.187 17.187 0 0 1 6.849 20.958l-32.408 81.021a17.188 17.188 0 0 1-17.669 10.719l-55.81-5.58c-21.051 58.261-20.612 122.471 0 179.515l55.811-5.581a17.188 17.188 0 0 1 17.669 10.719l32.408 81.022a17.188 17.188 0 0 1-6.849 20.958l-64.817 40.513a17.19 17.19 0 0 1-21.264-2.422zM247.126 95.473c11.832 20.047 11.832 45.008 0 65.055-3.95 6.693-13.108 7.959-18.718 2.581l-5.975-5.726c-3.911-3.748-4.793-9.622-2.261-14.41a32.063 32.063 0 0 0 0-29.945c-2.533-4.788-1.65-10.662 2.261-14.41l5.975-5.726c5.61-5.378 14.768-4.112 18.718 2.581zm91.787-91.187c60.14 71.604 60.092 175.882 0 247.428-4.474 5.327-12.53 5.746-17.552.933l-5.798-5.557c-4.56-4.371-4.977-11.529-.93-16.379 49.687-59.538 49.646-145.933 0-205.422-4.047-4.85-3.631-12.008.93-16.379l5.798-5.557c5.022-4.813 13.078-4.394 17.552.933zm-45.972 44.941c36.05 46.322 36.108 111.149 0 157.546-4.39 5.641-12.697 6.251-17.856 1.304l-5.818-5.579c-4.4-4.219-4.998-11.095-1.285-15.931 26.536-34.564 26.534-82.572 0-117.134-3.713-4.836-3.115-11.711 1.285-15.931l5.818-5.579c5.159-4.947 13.466-4.337 17.856 1.304z\"><\/path><\/svg>\t\t\t<\/div>\n\t\t<\/div>\n\t\t\t\t\t\t<\/div>\n\t\t\t\t<\/div>\n\t\t\t\t<div class=\"elementor-element elementor-element-adbecb1 elementor-widget__width-initial sec-col elementor-widget elementor-widget-heading\" data-id=\"adbecb1\" data-element_type=\"widget\" data-e-type=\"widget\" data-widget_type=\"heading.default\">\n\t\t\t\t<div class=\"elementor-widget-container\">\n\t\t\t\t\t<h2 class=\"elementor-heading-title elementor-size-default\"><a href=\"tel:+49 40 538 79 800\">+49 40 538 79 800<\/a><\/h2>\t\t\t\t<\/div>\n\t\t\t\t<\/div>\n\t\t\t\t<div class=\"elementor-element elementor-element-1d15422 elementor-widget elementor-widget-text-editor\" data-id=\"1d15422\" data-element_type=\"widget\" data-e-type=\"widget\" data-widget_type=\"text-editor.default\">\n\t\t\t\t<div class=\"elementor-widget-container\">\n\t\t\t\t\t\t\t\t\t<div class=\"wpb_text_column wpb_content_element vc_custom_1554108907157\"><div class=\"wpb_wrapper\"><div class=\"vc_row wpb_row vc_inner vc_row-fluid vc_custom_1479891169231\"><div class=\"wpb_column vc_column_container vc_col-sm-12\"><div class=\"vc_column-inner vc_custom_1479891176513\"><div class=\"wpb_wrapper\"><h5 class=\"vc_custom_heading vc_custom_1553522735978\">60 Jahre Erfahrung<\/h5><div class=\"wpb_text_column wpb_content_element  vc_custom_1557214098457\"><div class=\"wpb_wrapper\"><p>Wir sind ein typisches Familienunternehmen, dessen St\u00e4rke u.a. in der intensiven, pers\u00f6nlichen Betreuung unserer Kunden zu finden ist.<\/p><\/div><\/div><\/div><\/div><\/div><\/div><div class=\"wpb_single_image wpb_content_element vc_align_left wpb_animate_when_almost_visible wpb_left-to-right left-to-right wpb_start_animation animated\"><figure class=\"wpb_wrapper vc_figure\"><div class=\"vc_single_image-wrapper   vc_box_border_grey\">\u00a0<\/div><\/figure><\/div><h4 class=\"vc_custom_heading vc_custom_1552311076919\">Jan Hinsch<\/h4><p class=\"vc_custom_heading\">Betriebswirt HWK \/ Gesch\u00e4ftsf\u00fchrer<\/p><div class=\"wpb_single_image wpb_content_element vc_align_left wpb_animate_when_almost_visible wpb_left-to-right left-to-right wpb_start_animation animated\"><figure class=\"wpb_wrapper vc_figure\"><div class=\"vc_single_image-wrapper   vc_box_border_grey\">\u00a0<\/div><\/figure><\/div><h4 class=\"vc_custom_heading vc_custom_1552311119924\">Niels Jakob Hinsch<\/h4><p class=\"vc_custom_heading\">Gesch\u00e4ftsf\u00fchrer<\/p><div class=\"wpb_text_column wpb_content_element \"><div class=\"wpb_wrapper\"><p>Meister des Installateur- und Heizungsbauerhandwerks einschl.<br \/>Zentralheizungs- und L\u00fcftungsbau,<br \/>sowie Meister des Gas- und Wasserinstallateurhandwerks<\/p><\/div><\/div><p>\u00a0<\/p><\/div><\/div>\t\t\t\t\t\t\t\t<\/div>\n\t\t\t\t<\/div>\n\t\t\t\t<\/div>\n\t\t\t\t<\/div>\n\t\t\t\t<\/div>\n\t\t","protected":false},"excerpt":{"rendered":"<p>Das Unternehmen Hinsch Unsere Firmengeschichte Hinsch heizt Hallen Hinsch &amp; Co wurde am 01. April 1966 zun\u00e4chst als KG gegr\u00fcndet [&hellip;]<\/p>\n","protected":false},"author":1,"featured_media":0,"parent":0,"menu_order":0,"comment_status":"closed","ping_status":"closed","template":"","meta":{"_seopress_robots_primary_cat":"","_seopress_titles_title":"","_seopress_titles_desc":"","_seopress_robots_index":"","site-sidebar-layout":"no-sidebar","site-content-layout":"","ast-site-content-layout":"full-width-container","site-content-style":"default","site-sidebar-style":"default","ast-global-header-display":"","ast-banner-title-visibility":"","ast-main-header-display":"","ast-hfb-above-header-display":"","ast-hfb-below-header-display":"","ast-hfb-mobile-header-display":"","site-post-title":"disabled","ast-breadcrumbs-content":"","ast-featured-img":"disabled","footer-sml-layout":"","ast-disable-related-posts":"","theme-transparent-header-meta":"","adv-header-id-meta":"","stick-header-meta":"","header-above-stick-meta":"","header-main-stick-meta":"","header-below-stick-meta":"","astra-migrate-meta-layouts":"default","ast-page-background-enabled":"default","ast-page-background-meta":{"desktop":{"background-color":"var(--ast-global-color-4)","background-image":"","background-repeat":"repeat","background-position":"center center","background-size":"auto","background-attachment":"scroll","background-type":"","background-media":"","overlay-type":"","overlay-color":"","overlay-opacity":"","overlay-gradient":""},"tablet":{"background-color":"","background-image":"","background-repeat":"repeat","background-position":"center center","background-size":"auto","background-attachment":"scroll","background-type":"","background-media":"","overlay-type":"","overlay-color":"","overlay-opacity":"","overlay-gradient":""},"mobile":{"background-color":"","background-image":"","background-repeat":"repeat","background-position":"center center","background-size":"auto","background-attachment":"scroll","background-type":"","background-media":"","overlay-type":"","overlay-color":"","overlay-opacity":"","overlay-gradient":""}},"ast-content-background-meta":{"desktop":{"background-color":"var(--ast-global-color-5)","background-image":"","background-repeat":"repeat","background-position":"center center","background-size":"auto","background-attachment":"scroll","background-type":"","background-media":"","overlay-type":"","overlay-color":"","overlay-opacity":"","overlay-gradient":""},"tablet":{"background-color":"var(--ast-global-color-5)","background-image":"","background-repeat":"repeat","background-position":"center center","background-size":"auto","background-attachment":"scroll","background-type":"","background-media":"","overlay-type":"","overlay-color":"","overlay-opacity":"","overlay-gradient":""},"mobile":{"background-color":"var(--ast-global-color-5)","background-image":"","background-repeat":"repeat","background-position":"center center","background-size":"auto","background-attachment":"scroll","background-type":"","background-media":"","overlay-type":"","overlay-color":"","overlay-opacity":"","overlay-gradient":""}},"footnotes":""},"class_list":["post-789","page","type-page","status-publish","hentry"],"_links":{"self":[{"href":"https:\/\/hinsch-mietheizer.de\/index.php\/wp-json\/wp\/v2\/pages\/789","targetHints":{"allow":["GET"]}}],"collection":[{"href":"https:\/\/hinsch-mietheizer.de\/index.php\/wp-json\/wp\/v2\/pages"}],"about":[{"href":"https:\/\/hinsch-mietheizer.de\/index.php\/wp-json\/wp\/v2\/types\/page"}],"author":[{"embeddable":true,"href":"https:\/\/hinsch-mietheizer.de\/index.php\/wp-json\/wp\/v2\/users\/1"}],"replies":[{"embeddable":true,"href":"https:\/\/hinsch-mietheizer.de\/index.php\/wp-json\/wp\/v2\/comments?post=789"}],"version-history":[{"count":76,"href":"https:\/\/hinsch-mietheizer.de\/index.php\/wp-json\/wp\/v2\/pages\/789\/revisions"}],"predecessor-version":[{"id":1512,"href":"https:\/\/hinsch-mietheizer.de\/index.php\/wp-json\/wp\/v2\/pages\/789\/revisions\/1512"}],"wp:attachment":[{"href":"https:\/\/hinsch-mietheizer.de\/index.php\/wp-json\/wp\/v2\/media?parent=789"}],"curies":[{"name":"wp","href":"https:\/\/api.w.org\/{rel}","templated":true}]}}