{"id":939,"date":"2025-01-16T07:27:13","date_gmt":"2025-01-16T07:27:13","guid":{"rendered":"https:\/\/hinsch.streamlinegmbh.de\/?page_id=939"},"modified":"2025-01-16T07:33:35","modified_gmt":"2025-01-16T07:33:35","slug":"impressum","status":"publish","type":"page","link":"https:\/\/hinsch-mietheizer.de\/index.php\/impressum\/","title":{"rendered":"Impressum"},"content":{"rendered":"\t\t<div data-elementor-type=\"wp-page\" data-elementor-id=\"939\" class=\"elementor elementor-939\" data-elementor-post-type=\"page\">\n\t\t\t\t<div class=\"elementor-element elementor-element-f1418f5 e-flex e-con-boxed e-con e-parent\" data-id=\"f1418f5\" data-element_type=\"container\" data-e-type=\"container\">\n\t\t\t\t\t<div class=\"e-con-inner\">\n\t\t<div class=\"elementor-element elementor-element-c864ebc e-con-full e-flex e-con e-child\" data-id=\"c864ebc\" data-element_type=\"container\" data-e-type=\"container\" data-settings=\"{&quot;background_background&quot;:&quot;classic&quot;}\">\n\t\t\t\t<div class=\"elementor-element elementor-element-57aff6d elementor-widget elementor-widget-heading\" data-id=\"57aff6d\" data-element_type=\"widget\" data-e-type=\"widget\" data-widget_type=\"heading.default\">\n\t\t\t\t<div class=\"elementor-widget-container\">\n\t\t\t\t\t<h2 class=\"elementor-heading-title elementor-size-default\">Impressum<\/h2>\t\t\t\t<\/div>\n\t\t\t\t<\/div>\n\t\t\t\t<\/div>\n\t\t\t\t\t<\/div>\n\t\t\t\t<\/div>\n\t\t<div class=\"elementor-element elementor-element-9589e61 e-flex e-con-boxed e-con e-parent\" data-id=\"9589e61\" data-element_type=\"container\" data-e-type=\"container\">\n\t\t\t\t\t<div class=\"e-con-inner\">\n\t\t\t\t<div class=\"elementor-element elementor-element-1d6c2a4 elementor-widget__width-inherit elementor-widget elementor-widget-text-editor\" data-id=\"1d6c2a4\" data-element_type=\"widget\" data-e-type=\"widget\" data-widget_type=\"text-editor.default\">\n\t\t\t\t<div class=\"elementor-widget-container\">\n\t\t\t\t\t\t\t\t\t<p><strong>Hinsch &amp; Co W\u00e4rmetechnische Ger\u00e4te GmbH &amp; Co KG<\/strong><br \/>Lademannbogen 11<br \/>22339 Hamburg<\/p><p>Handelsregister: HRA 107468<\/p><p>USt.-ID.-Nr.: DE 257912598<\/p><p>Pers\u00f6nlich haftende Gesellschafterin (Komplement\u00e4r):Hinsch Verwaltungs GmbH<br \/>Lademannbogen 11<br \/>22339 Hamburg<\/p><p>Handelsregister: HRB 101326<\/p><p>Gesch\u00e4ftsf\u00fchrer:<br \/>Jan Hinsch, Niels Jakob Hinsch<\/p><p>Verantwortliche\/r i.S.d. \u00a7 55 Abs. 2 RStV:<br \/>Hinsch Verwaltungs GmbH, Lademannbogen 11, 22339 Hamburg<\/p>\t\t\t\t\t\t\t\t<\/div>\n\t\t\t\t<\/div>\n\t\t\t\t\t<\/div>\n\t\t\t\t<\/div>\n\t\t\t\t<\/div>\n\t\t","protected":false},"excerpt":{"rendered":"<p>Impressum Hinsch &amp; Co W\u00e4rmetechnische Ger\u00e4te GmbH &amp; Co KGLademannbogen 1122339 Hamburg Handelsregister: HRA 107468 USt.-ID.-Nr.: DE 257912598 Pers\u00f6nlich haftende [&hellip;]<\/p>\n","protected":false},"author":1,"featured_media":0,"parent":0,"menu_order":0,"comment_status":"closed","ping_status":"closed","template":"","meta":{"_seopress_robots_primary_cat":"","_seopress_titles_title":"","_seopress_titles_desc":"","_seopress_robots_index":"","site-sidebar-layout":"no-sidebar","site-content-layout":"","ast-site-content-layout":"full-width-container","site-content-style":"default","site-sidebar-style":"default","ast-global-header-display":"","ast-banner-title-visibility":"","ast-main-header-display":"","ast-hfb-above-header-display":"","ast-hfb-below-header-display":"","ast-hfb-mobile-header-display":"","site-post-title":"disabled","ast-breadcrumbs-content":"","ast-featured-img":"disabled","footer-sml-layout":"","ast-disable-related-posts":"","theme-transparent-header-meta":"","adv-header-id-meta":"","stick-header-meta":"","header-above-stick-meta":"","header-main-stick-meta":"","header-below-stick-meta":"","astra-migrate-meta-layouts":"default","ast-page-background-enabled":"default","ast-page-background-meta":{"desktop":{"background-color":"var(--ast-global-color-4)","background-image":"","background-repeat":"repeat","background-position":"center center","background-size":"auto","background-attachment":"scroll","background-type":"","background-media":"","overlay-type":"","overlay-color":"","overlay-opacity":"","overlay-gradient":""},"tablet":{"background-color":"","background-image":"","background-repeat":"repeat","background-position":"center center","background-size":"auto","background-attachment":"scroll","background-type":"","background-media":"","overlay-type":"","overlay-color":"","overlay-opacity":"","overlay-gradient":""},"mobile":{"background-color":"","background-image":"","background-repeat":"repeat","background-position":"center center","background-size":"auto","background-attachment":"scroll","background-type":"","background-media":"","overlay-type":"","overlay-color":"","overlay-opacity":"","overlay-gradient":""}},"ast-content-background-meta":{"desktop":{"background-color":"var(--ast-global-color-5)","background-image":"","background-repeat":"repeat","background-position":"center center","background-size":"auto","background-attachment":"scroll","background-type":"","background-media":"","overlay-type":"","overlay-color":"","overlay-opacity":"","overlay-gradient":""},"tablet":{"background-color":"var(--ast-global-color-5)","background-image":"","background-repeat":"repeat","background-position":"center center","background-size":"auto","background-attachment":"scroll","background-type":"","background-media":"","overlay-type":"","overlay-color":"","overlay-opacity":"","overlay-gradient":""},"mobile":{"background-color":"var(--ast-global-color-5)","background-image":"","background-repeat":"repeat","background-position":"center center","background-size":"auto","background-attachment":"scroll","background-type":"","background-media":"","overlay-type":"","overlay-color":"","overlay-opacity":"","overlay-gradient":""}},"footnotes":""},"class_list":["post-939","page","type-page","status-publish","hentry"],"_links":{"self":[{"href":"https:\/\/hinsch-mietheizer.de\/index.php\/wp-json\/wp\/v2\/pages\/939","targetHints":{"allow":["GET"]}}],"collection":[{"href":"https:\/\/hinsch-mietheizer.de\/index.php\/wp-json\/wp\/v2\/pages"}],"about":[{"href":"https:\/\/hinsch-mietheizer.de\/index.php\/wp-json\/wp\/v2\/types\/page"}],"author":[{"embeddable":true,"href":"https:\/\/hinsch-mietheizer.de\/index.php\/wp-json\/wp\/v2\/users\/1"}],"replies":[{"embeddable":true,"href":"https:\/\/hinsch-mietheizer.de\/index.php\/wp-json\/wp\/v2\/comments?post=939"}],"version-history":[{"count":7,"href":"https:\/\/hinsch-mietheizer.de\/index.php\/wp-json\/wp\/v2\/pages\/939\/revisions"}],"predecessor-version":[{"id":949,"href":"https:\/\/hinsch-mietheizer.de\/index.php\/wp-json\/wp\/v2\/pages\/939\/revisions\/949"}],"wp:attachment":[{"href":"https:\/\/hinsch-mietheizer.de\/index.php\/wp-json\/wp\/v2\/media?parent=939"}],"curies":[{"name":"wp","href":"https:\/\/api.w.org\/{rel}","templated":true}]}}