{"id":981,"date":"2025-01-16T09:24:25","date_gmt":"2025-01-16T09:24:25","guid":{"rendered":"https:\/\/hinsch.streamlinegmbh.de\/?page_id=981"},"modified":"2025-02-11T16:25:41","modified_gmt":"2025-02-11T16:25:41","slug":"warmluftanlagen","status":"publish","type":"page","link":"https:\/\/hinsch-mietheizer.de\/index.php\/warmluftanlagen\/","title":{"rendered":"Warmluftanlagen"},"content":{"rendered":"\t\t<div data-elementor-type=\"wp-page\" data-elementor-id=\"981\" class=\"elementor elementor-981\" data-elementor-post-type=\"page\">\n\t\t\t\t<div class=\"elementor-element elementor-element-05ba259 e-flex e-con-boxed e-con e-parent\" data-id=\"05ba259\" data-element_type=\"container\" data-e-type=\"container\">\n\t\t\t\t\t<div class=\"e-con-inner\">\n\t\t<div class=\"elementor-element elementor-element-cd0b89d e-con-full e-flex e-con e-child\" data-id=\"cd0b89d\" data-element_type=\"container\" data-e-type=\"container\" data-settings=\"{&quot;background_background&quot;:&quot;classic&quot;}\">\n\t\t\t\t<div class=\"elementor-element elementor-element-4e20aca elementor-widget elementor-widget-heading\" data-id=\"4e20aca\" data-element_type=\"widget\" data-e-type=\"widget\" data-widget_type=\"heading.default\">\n\t\t\t\t<div class=\"elementor-widget-container\">\n\t\t\t\t\t<h2 class=\"elementor-heading-title elementor-size-default\">Warmluftanlagen<\/h2>\t\t\t\t<\/div>\n\t\t\t\t<\/div>\n\t\t\t\t<\/div>\n\t\t\t\t\t<\/div>\n\t\t\t\t<\/div>\n\t\t<div class=\"elementor-element elementor-element-3b789e1 e-con-full e-flex e-con e-parent\" data-id=\"3b789e1\" data-element_type=\"container\" data-e-type=\"container\" data-settings=\"{&quot;background_background&quot;:&quot;classic&quot;}\">\n\t\t<div class=\"elementor-element elementor-element-ad9b8ef e-con-full e-flex e-con e-child\" data-id=\"ad9b8ef\" data-element_type=\"container\" data-e-type=\"container\">\n\t\t\t\t<div class=\"elementor-element elementor-element-d3de1a5 elementor-widget__width-initial elementor-widget elementor-widget-n-accordion\" data-id=\"d3de1a5\" data-element_type=\"widget\" data-e-type=\"widget\" id=\"customMenu\" data-settings=\"{&quot;n_accordion_animation_duration&quot;:{&quot;unit&quot;:&quot;ms&quot;,&quot;size&quot;:30,&quot;sizes&quot;:[]},&quot;default_state&quot;:&quot;all_collapsed&quot;,&quot;max_items_expended&quot;:&quot;one&quot;}\" data-widget_type=\"nested-accordion.default\">\n\t\t\t\t<div class=\"elementor-widget-container\">\n\t\t\t\t\t\t\t<div class=\"e-n-accordion\" aria-label=\"Accordion. Open links with Enter or Space, close with Escape, and navigate with Arrow Keys\">\n\t\t\t\t\t\t<details id=\"orange\" class=\"e-n-accordion-item\" >\n\t\t\t\t<summary class=\"e-n-accordion-item-title\" data-accordion-index=\"1\" tabindex=\"0\" aria-expanded=\"false\" aria-controls=\"orange\" >\n\t\t\t\t\t<span class='e-n-accordion-item-title-header'><div class=\"e-n-accordion-item-title-text\"> Warmluftger\u00e4te <\/div><\/span>\n\t\t\t\t\t\t\t\t\t<\/summary>\n\t\t\t\t<div role=\"region\" aria-labelledby=\"orange\" class=\"elementor-element elementor-element-03bc5ef e-con-full e-flex e-con e-child\" data-id=\"03bc5ef\" data-element_type=\"container\" data-e-type=\"container\">\n\t\t\t\t<div class=\"elementor-element elementor-element-b8ea5cd elementor-widget__width-inherit elementor-nav-menu--dropdown-none elementor-widget elementor-widget-nav-menu\" data-id=\"b8ea5cd\" data-element_type=\"widget\" data-e-type=\"widget\" data-settings=\"{&quot;layout&quot;:&quot;vertical&quot;,&quot;submenu_icon&quot;:{&quot;value&quot;:&quot;&lt;i aria-hidden=\\&quot;true\\&quot; class=\\&quot;\\&quot;&gt;&lt;\\\/i&gt;&quot;,&quot;library&quot;:&quot;&quot;}}\" data-widget_type=\"nav-menu.default\">\n\t\t\t\t<div class=\"elementor-widget-container\">\n\t\t\t\t\t\t\t\t<nav aria-label=\"Men\u00fc\" class=\"elementor-nav-menu--main elementor-nav-menu__container elementor-nav-menu--layout-vertical e--pointer-none\">\n\t\t\t\t<ul id=\"menu-1-b8ea5cd\" class=\"elementor-nav-menu sm-vertical\"><li class=\"menu-item menu-item-type-taxonomy menu-item-object-category menu-item-1144\"><a href=\"https:\/\/hinsch-mietheizer.de\/index.php\/unser-angebot\/warmluftgeraete\/heizgeraete-oel\/\" class=\"elementor-item menu-link\">Heizger\u00e4te \u00d6l<\/a><\/li>\n<li class=\"menu-item menu-item-type-taxonomy menu-item-object-category menu-item-1143\"><a href=\"https:\/\/hinsch-mietheizer.de\/index.php\/unser-angebot\/warmluftgeraete\/heizgeraete-gas\/\" class=\"elementor-item menu-link\">Heizger\u00e4te Gas<\/a><\/li>\n<li class=\"menu-item menu-item-type-taxonomy menu-item-object-category menu-item-1142\"><a href=\"https:\/\/hinsch-mietheizer.de\/index.php\/unser-angebot\/warmluftgeraete\/heizgeraete-elektro\/\" class=\"elementor-item menu-link\">Heizger\u00e4te Elektro<\/a><\/li>\n<li class=\"menu-item menu-item-type-taxonomy menu-item-object-category menu-item-1145\"><a href=\"https:\/\/hinsch-mietheizer.de\/index.php\/unser-angebot\/warmluftgeraete\/heizgeraete-zubehoer\/\" class=\"elementor-item menu-link\">Heizger\u00e4te Zubeh\u00f6r<\/a><\/li>\n<li class=\"menu-item menu-item-type-taxonomy menu-item-object-category menu-item-1146\"><a href=\"https:\/\/hinsch-mietheizer.de\/index.php\/unser-angebot\/warmluftgeraete\/heizoel-tanks\/\" class=\"elementor-item menu-link\">Heiz\u00f6l Tanks<\/a><\/li>\n<\/ul>\t\t\t<\/nav>\n\t\t\t\t\t\t<nav class=\"elementor-nav-menu--dropdown elementor-nav-menu__container\" aria-hidden=\"true\">\n\t\t\t\t<ul id=\"menu-2-b8ea5cd\" class=\"elementor-nav-menu sm-vertical\"><li class=\"menu-item menu-item-type-taxonomy menu-item-object-category menu-item-1144\"><a href=\"https:\/\/hinsch-mietheizer.de\/index.php\/unser-angebot\/warmluftgeraete\/heizgeraete-oel\/\" class=\"elementor-item menu-link\" tabindex=\"-1\">Heizger\u00e4te \u00d6l<\/a><\/li>\n<li class=\"menu-item menu-item-type-taxonomy menu-item-object-category menu-item-1143\"><a href=\"https:\/\/hinsch-mietheizer.de\/index.php\/unser-angebot\/warmluftgeraete\/heizgeraete-gas\/\" class=\"elementor-item menu-link\" tabindex=\"-1\">Heizger\u00e4te Gas<\/a><\/li>\n<li class=\"menu-item menu-item-type-taxonomy menu-item-object-category menu-item-1142\"><a href=\"https:\/\/hinsch-mietheizer.de\/index.php\/unser-angebot\/warmluftgeraete\/heizgeraete-elektro\/\" class=\"elementor-item menu-link\" tabindex=\"-1\">Heizger\u00e4te Elektro<\/a><\/li>\n<li class=\"menu-item menu-item-type-taxonomy menu-item-object-category menu-item-1145\"><a href=\"https:\/\/hinsch-mietheizer.de\/index.php\/unser-angebot\/warmluftgeraete\/heizgeraete-zubehoer\/\" class=\"elementor-item menu-link\" tabindex=\"-1\">Heizger\u00e4te Zubeh\u00f6r<\/a><\/li>\n<li class=\"menu-item menu-item-type-taxonomy menu-item-object-category menu-item-1146\"><a href=\"https:\/\/hinsch-mietheizer.de\/index.php\/unser-angebot\/warmluftgeraete\/heizoel-tanks\/\" class=\"elementor-item menu-link\" tabindex=\"-1\">Heiz\u00f6l Tanks<\/a><\/li>\n<\/ul>\t\t\t<\/nav>\n\t\t\t\t\t\t<\/div>\n\t\t\t\t<\/div>\n\t\t\t\t<\/div>\n\t\t\t\t\t<\/details>\n\t\t\t\t\t\t<details id=\"e-n-accordion-item-2221\" class=\"e-n-accordion-item\" >\n\t\t\t\t<summary class=\"e-n-accordion-item-title\" data-accordion-index=\"2\" tabindex=\"-1\" aria-expanded=\"false\" aria-controls=\"e-n-accordion-item-2221\" >\n\t\t\t\t\t<span class='e-n-accordion-item-title-header'><div class=\"e-n-accordion-item-title-text\"> Heiztrailer <\/div><\/span>\n\t\t\t\t\t\t\t\t\t<\/summary>\n\t\t\t\t<div role=\"region\" aria-labelledby=\"e-n-accordion-item-2221\" class=\"elementor-element elementor-element-de59fac e-con-full e-flex e-con e-child\" data-id=\"de59fac\" data-element_type=\"container\" data-e-type=\"container\">\n\t\t\t\t<div class=\"elementor-element elementor-element-4a16e25 elementor-widget__width-inherit elementor-nav-menu--dropdown-none elementor-widget elementor-widget-nav-menu\" data-id=\"4a16e25\" data-element_type=\"widget\" data-e-type=\"widget\" data-settings=\"{&quot;layout&quot;:&quot;vertical&quot;,&quot;submenu_icon&quot;:{&quot;value&quot;:&quot;&lt;i aria-hidden=\\&quot;true\\&quot; class=\\&quot;\\&quot;&gt;&lt;\\\/i&gt;&quot;,&quot;library&quot;:&quot;&quot;}}\" data-widget_type=\"nav-menu.default\">\n\t\t\t\t<div class=\"elementor-widget-container\">\n\t\t\t\t\t\t\t\t<nav aria-label=\"Men\u00fc\" class=\"elementor-nav-menu--main elementor-nav-menu__container elementor-nav-menu--layout-vertical e--pointer-none\">\n\t\t\t\t<ul id=\"menu-1-4a16e25\" class=\"elementor-nav-menu sm-vertical\"><li class=\"menu-item menu-item-type-taxonomy menu-item-object-category menu-item-1147\"><a href=\"https:\/\/hinsch-mietheizer.de\/index.php\/unser-angebot\/heiztrailer\/heizcontainer\/\" class=\"elementor-item menu-link\">Heizcontainer<\/a><\/li>\n<li class=\"menu-item menu-item-type-taxonomy menu-item-object-category menu-item-1148\"><a href=\"https:\/\/hinsch-mietheizer.de\/index.php\/unser-angebot\/heiztrailer\/heiztrailer-city-heizmobile\/\" class=\"elementor-item menu-link\">Heiztrailer City-Heizmobile<\/a><\/li>\n<li class=\"menu-item menu-item-type-taxonomy menu-item-object-category menu-item-1149\"><a href=\"https:\/\/hinsch-mietheizer.de\/index.php\/unser-angebot\/heiztrailer\/heiztrolleys-elektro-heizmobile\/\" class=\"elementor-item menu-link\">Heiztrolleys \/ Elektro-Heizmobile<\/a><\/li>\n<\/ul>\t\t\t<\/nav>\n\t\t\t\t\t\t<nav class=\"elementor-nav-menu--dropdown elementor-nav-menu__container\" aria-hidden=\"true\">\n\t\t\t\t<ul id=\"menu-2-4a16e25\" class=\"elementor-nav-menu sm-vertical\"><li class=\"menu-item menu-item-type-taxonomy menu-item-object-category menu-item-1147\"><a href=\"https:\/\/hinsch-mietheizer.de\/index.php\/unser-angebot\/heiztrailer\/heizcontainer\/\" class=\"elementor-item menu-link\" tabindex=\"-1\">Heizcontainer<\/a><\/li>\n<li class=\"menu-item menu-item-type-taxonomy menu-item-object-category menu-item-1148\"><a href=\"https:\/\/hinsch-mietheizer.de\/index.php\/unser-angebot\/heiztrailer\/heiztrailer-city-heizmobile\/\" class=\"elementor-item menu-link\" tabindex=\"-1\">Heiztrailer City-Heizmobile<\/a><\/li>\n<li class=\"menu-item menu-item-type-taxonomy menu-item-object-category menu-item-1149\"><a href=\"https:\/\/hinsch-mietheizer.de\/index.php\/unser-angebot\/heiztrailer\/heiztrolleys-elektro-heizmobile\/\" class=\"elementor-item menu-link\" tabindex=\"-1\">Heiztrolleys \/ Elektro-Heizmobile<\/a><\/li>\n<\/ul>\t\t\t<\/nav>\n\t\t\t\t\t\t<\/div>\n\t\t\t\t<\/div>\n\t\t\t\t<\/div>\n\t\t\t\t\t<\/details>\n\t\t\t\t\t\t<details id=\"e-n-accordion-item-2222\" class=\"e-n-accordion-item\" >\n\t\t\t\t<summary class=\"e-n-accordion-item-title\" data-accordion-index=\"3\" tabindex=\"-1\" aria-expanded=\"false\" aria-controls=\"e-n-accordion-item-2222\" >\n\t\t\t\t\t<span class='e-n-accordion-item-title-header'><div class=\"e-n-accordion-item-title-text\"> Trockner\/L\u00fcfter <\/div><\/span>\n\t\t\t\t\t\t\t\t\t<\/summary>\n\t\t\t\t<div role=\"region\" aria-labelledby=\"e-n-accordion-item-2222\" class=\"elementor-element elementor-element-0936f53 e-con-full e-flex e-con e-child\" data-id=\"0936f53\" data-element_type=\"container\" data-e-type=\"container\">\n\t\t\t\t<div class=\"elementor-element elementor-element-0dddc49 elementor-widget__width-initial elementor-nav-menu--dropdown-none elementor-widget elementor-widget-nav-menu\" data-id=\"0dddc49\" data-element_type=\"widget\" data-e-type=\"widget\" data-settings=\"{&quot;layout&quot;:&quot;vertical&quot;,&quot;submenu_icon&quot;:{&quot;value&quot;:&quot;&lt;i aria-hidden=\\&quot;true\\&quot; class=\\&quot;\\&quot;&gt;&lt;\\\/i&gt;&quot;,&quot;library&quot;:&quot;&quot;}}\" data-widget_type=\"nav-menu.default\">\n\t\t\t\t<div class=\"elementor-widget-container\">\n\t\t\t\t\t\t\t\t<nav aria-label=\"Men\u00fc\" class=\"elementor-nav-menu--main elementor-nav-menu__container elementor-nav-menu--layout-vertical e--pointer-none\">\n\t\t\t\t<ul id=\"menu-1-0dddc49\" class=\"elementor-nav-menu sm-vertical\"><li class=\"menu-item menu-item-type-taxonomy menu-item-object-category menu-item-1151\"><a href=\"https:\/\/hinsch-mietheizer.de\/index.php\/unser-angebot\/trockner-luefter\/trockner\/\" class=\"elementor-item menu-link\">Trockner<\/a><\/li>\n<li class=\"menu-item menu-item-type-taxonomy menu-item-object-category menu-item-1150\"><a href=\"https:\/\/hinsch-mietheizer.de\/index.php\/unser-angebot\/trockner-luefter\/luefter\/\" class=\"elementor-item menu-link\">L\u00fcfter<\/a><\/li>\n<\/ul>\t\t\t<\/nav>\n\t\t\t\t\t\t<nav class=\"elementor-nav-menu--dropdown elementor-nav-menu__container\" aria-hidden=\"true\">\n\t\t\t\t<ul id=\"menu-2-0dddc49\" class=\"elementor-nav-menu sm-vertical\"><li class=\"menu-item menu-item-type-taxonomy menu-item-object-category menu-item-1151\"><a href=\"https:\/\/hinsch-mietheizer.de\/index.php\/unser-angebot\/trockner-luefter\/trockner\/\" class=\"elementor-item menu-link\" tabindex=\"-1\">Trockner<\/a><\/li>\n<li class=\"menu-item menu-item-type-taxonomy menu-item-object-category menu-item-1150\"><a href=\"https:\/\/hinsch-mietheizer.de\/index.php\/unser-angebot\/trockner-luefter\/luefter\/\" class=\"elementor-item menu-link\" tabindex=\"-1\">L\u00fcfter<\/a><\/li>\n<\/ul>\t\t\t<\/nav>\n\t\t\t\t\t\t<\/div>\n\t\t\t\t<\/div>\n\t\t\t\t<\/div>\n\t\t\t\t\t<\/details>\n\t\t\t\t\t\t<details id=\"e-n-accordion-item-2223\" class=\"e-n-accordion-item\" >\n\t\t\t\t<summary class=\"e-n-accordion-item-title\" data-accordion-index=\"4\" tabindex=\"-1\" aria-expanded=\"false\" aria-controls=\"e-n-accordion-item-2223\" >\n\t\t\t\t\t<span class='e-n-accordion-item-title-header'><div class=\"e-n-accordion-item-title-text\"> Spot Cooler <\/div><\/span>\n\t\t\t\t\t\t\t\t\t<\/summary>\n\t\t\t\t<div role=\"region\" aria-labelledby=\"e-n-accordion-item-2223\" class=\"elementor-element elementor-element-614eaac e-flex e-con-boxed e-con e-child\" data-id=\"614eaac\" data-element_type=\"container\" data-e-type=\"container\">\n\t\t\t\t\t<div class=\"e-con-inner\">\n\t\t\t\t<div class=\"elementor-element elementor-element-913367f elementor-widget__width-initial elementor-nav-menu--dropdown-none elementor-widget elementor-widget-nav-menu\" data-id=\"913367f\" data-element_type=\"widget\" data-e-type=\"widget\" data-settings=\"{&quot;layout&quot;:&quot;vertical&quot;,&quot;submenu_icon&quot;:{&quot;value&quot;:&quot;&lt;i aria-hidden=\\&quot;true\\&quot; class=\\&quot;\\&quot;&gt;&lt;\\\/i&gt;&quot;,&quot;library&quot;:&quot;&quot;}}\" data-widget_type=\"nav-menu.default\">\n\t\t\t\t<div class=\"elementor-widget-container\">\n\t\t\t\t\t\t\t\t<nav aria-label=\"Men\u00fc\" class=\"elementor-nav-menu--main elementor-nav-menu__container elementor-nav-menu--layout-vertical e--pointer-none\">\n\t\t\t\t<ul id=\"menu-1-913367f\" class=\"elementor-nav-menu sm-vertical\"><li class=\"menu-item menu-item-type-taxonomy menu-item-object-category menu-item-1152\"><a href=\"https:\/\/hinsch-mietheizer.de\/index.php\/unser-angebot\/spot-cooler\/airhandler-kaltwassersaetze-klimageraete\/\" class=\"elementor-item menu-link\">Airhandler Kaltwassers\u00e4tze Klimager\u00e4te<\/a><\/li>\n<li class=\"menu-item menu-item-type-taxonomy menu-item-object-category menu-item-1153\"><a href=\"https:\/\/hinsch-mietheizer.de\/index.php\/unser-angebot\/spot-cooler\/spotcooler-spotcooler\/\" class=\"elementor-item menu-link\">Spotcooler<\/a><\/li>\n<\/ul>\t\t\t<\/nav>\n\t\t\t\t\t\t<nav class=\"elementor-nav-menu--dropdown elementor-nav-menu__container\" aria-hidden=\"true\">\n\t\t\t\t<ul id=\"menu-2-913367f\" class=\"elementor-nav-menu sm-vertical\"><li class=\"menu-item menu-item-type-taxonomy menu-item-object-category menu-item-1152\"><a href=\"https:\/\/hinsch-mietheizer.de\/index.php\/unser-angebot\/spot-cooler\/airhandler-kaltwassersaetze-klimageraete\/\" class=\"elementor-item menu-link\" tabindex=\"-1\">Airhandler Kaltwassers\u00e4tze Klimager\u00e4te<\/a><\/li>\n<li class=\"menu-item menu-item-type-taxonomy menu-item-object-category menu-item-1153\"><a href=\"https:\/\/hinsch-mietheizer.de\/index.php\/unser-angebot\/spot-cooler\/spotcooler-spotcooler\/\" class=\"elementor-item menu-link\" tabindex=\"-1\">Spotcooler<\/a><\/li>\n<\/ul>\t\t\t<\/nav>\n\t\t\t\t\t\t<\/div>\n\t\t\t\t<\/div>\n\t\t\t\t\t<\/div>\n\t\t\t\t<\/div>\n\t\t\t\t\t<\/details>\n\t\t\t\t\t\t<details id=\"e-n-accordion-item-2224\" class=\"e-n-accordion-item\" >\n\t\t\t\t<summary class=\"e-n-accordion-item-title\" data-accordion-index=\"5\" tabindex=\"-1\" aria-expanded=\"false\" aria-controls=\"e-n-accordion-item-2224\" >\n\t\t\t\t\t<span class='e-n-accordion-item-title-header'><div class=\"e-n-accordion-item-title-text\"> Heizhallen <\/div><\/span>\n\t\t\t\t\t\t\t\t\t<\/summary>\n\t\t\t\t<div role=\"region\" aria-labelledby=\"e-n-accordion-item-2224\" class=\"elementor-element elementor-element-3a76359 e-flex e-con-boxed e-con e-child\" data-id=\"3a76359\" data-element_type=\"container\" data-e-type=\"container\">\n\t\t\t\t\t<div class=\"e-con-inner\">\n\t\t\t\t<div class=\"elementor-element elementor-element-dbc00ee elementor-widget__width-initial elementor-nav-menu--dropdown-none elementor-widget elementor-widget-nav-menu\" data-id=\"dbc00ee\" data-element_type=\"widget\" data-e-type=\"widget\" data-settings=\"{&quot;layout&quot;:&quot;vertical&quot;,&quot;submenu_icon&quot;:{&quot;value&quot;:&quot;&lt;i aria-hidden=\\&quot;true\\&quot; class=\\&quot;\\&quot;&gt;&lt;\\\/i&gt;&quot;,&quot;library&quot;:&quot;&quot;}}\" data-widget_type=\"nav-menu.default\">\n\t\t\t\t<div class=\"elementor-widget-container\">\n\t\t\t\t\t\t\t\t<nav aria-label=\"Men\u00fc\" class=\"elementor-nav-menu--main elementor-nav-menu__container elementor-nav-menu--layout-vertical e--pointer-none\">\n\t\t\t\t<ul id=\"menu-1-dbc00ee\" class=\"elementor-nav-menu sm-vertical\"><li class=\"menu-item menu-item-type-post_type menu-item-object-page menu-item-1155\"><a href=\"https:\/\/hinsch-mietheizer.de\/index.php\/warmluftanlagen\/\" class=\"elementor-item menu-link\">Warmluftanlagen<\/a><\/li>\n<li class=\"menu-item menu-item-type-post_type menu-item-object-page menu-item-1154\"><a href=\"https:\/\/hinsch-mietheizer.de\/index.php\/dunkelstrahler\/\" class=\"elementor-item menu-link\">Dunkelstrahler<\/a><\/li>\n<\/ul>\t\t\t<\/nav>\n\t\t\t\t\t\t<nav class=\"elementor-nav-menu--dropdown elementor-nav-menu__container\" aria-hidden=\"true\">\n\t\t\t\t<ul id=\"menu-2-dbc00ee\" class=\"elementor-nav-menu sm-vertical\"><li class=\"menu-item menu-item-type-post_type menu-item-object-page menu-item-1155\"><a href=\"https:\/\/hinsch-mietheizer.de\/index.php\/warmluftanlagen\/\" class=\"elementor-item menu-link\" tabindex=\"-1\">Warmluftanlagen<\/a><\/li>\n<li class=\"menu-item menu-item-type-post_type menu-item-object-page menu-item-1154\"><a href=\"https:\/\/hinsch-mietheizer.de\/index.php\/dunkelstrahler\/\" class=\"elementor-item menu-link\" tabindex=\"-1\">Dunkelstrahler<\/a><\/li>\n<\/ul>\t\t\t<\/nav>\n\t\t\t\t\t\t<\/div>\n\t\t\t\t<\/div>\n\t\t\t\t\t<\/div>\n\t\t\t\t<\/div>\n\t\t\t\t\t<\/details>\n\t\t\t\t\t<\/div>\n\t\t\t\t\t\t<\/div>\n\t\t\t\t<\/div>\n\t\t\t\t<\/div>\n\t\t<div class=\"elementor-element elementor-element-5c04239 e-con-full e-flex e-con e-child\" data-id=\"5c04239\" data-element_type=\"container\" data-e-type=\"container\">\n\t\t\t\t<div class=\"elementor-element elementor-element-23d675f elementor-widget elementor-widget-text-editor\" data-id=\"23d675f\" data-element_type=\"widget\" data-e-type=\"widget\" data-widget_type=\"text-editor.default\">\n\t\t\t\t<div class=\"elementor-widget-container\">\n\t\t\t\t\t\t\t\t\t<h1>Sie ben\u00f6tigen eine Hallenheizung?<\/h1><p><strong>Wir liefern effiziente Warmluftanlagen neuester Generation!<\/strong><\/p><p>Nach wie vor sind direktbefeuerte Warmluft-Heizanlagen mit Erdgas oder Heiz\u00f6l die preiswerte Alternative f\u00fcr die station\u00e4re Hallenheizung. Profitieren Sie von unserer \u00fcber 50-j\u00e4hrigen Erfahrung als Spezialisten auf diesem Gebiet der Heiztechnik. Wir arbeiten mit namhaften Herstellern wie Reznor, Nordluft und VEAB zusammen, und k\u00f6nnen Ihnen somit modernste Technik \u2013 mit Brennwert-Ausnutzung \u2013 zu kosteng\u00fcnstigen Preisen anbieten. Entsprechende elektronische Regelungen mit Nachtabsenkung, Frostschutzbetrieb sowie Anbindung an die Geb\u00e4udeleittechnik sind selbstverst\u00e4ndlich verf\u00fcgbar.<\/p><p>Zus\u00e4tzlich k\u00f6nnen Ihre spezifischen Anforderungen in Bezug auf notwendige Raumluftwechsel, W\u00e4rmer\u00fcckgewinnung, Luftfilterung oder erforderlichem Frischluftbetrieb ber\u00fccksichtigt werden. Die gute Wirtschaftlichkeit kann zus\u00e4tzlich durch den Einsatz von Deckenventilatoren mit voll-automatischer Regelung erh\u00f6ht werden, weil dadurch zus\u00e4tzlich erheblich Energie eingespart wird.<\/p><p>Wir beraten Sie gern!<\/p>\t\t\t\t\t\t\t\t<\/div>\n\t\t\t\t<\/div>\n\t\t\t\t<\/div>\n\t\t<div class=\"elementor-element elementor-element-186fa40 e-con-full e-flex e-con e-child\" data-id=\"186fa40\" data-element_type=\"container\" data-e-type=\"container\">\n\t\t<div class=\"elementor-element elementor-element-30b78c9 e-con-full e-flex e-con e-child\" data-id=\"30b78c9\" data-element_type=\"container\" data-e-type=\"container\" data-settings=\"{&quot;background_background&quot;:&quot;classic&quot;}\">\n\t\t\t\t<\/div>\n\t\t<a class=\"elementor-element elementor-element-45b2a82 e-con-full e-flex e-con e-child\" data-id=\"45b2a82\" data-element_type=\"container\" data-e-type=\"container\" data-settings=\"{&quot;background_background&quot;:&quot;classic&quot;}\" href=\"tel:+49%2040%20538%2079%20800\">\n\t\t\t\t<div class=\"elementor-element elementor-element-e330cdc elementor-widget__width-initial elementor-widget elementor-widget-text-editor\" data-id=\"e330cdc\" data-element_type=\"widget\" data-e-type=\"widget\" data-widget_type=\"text-editor.default\">\n\t\t\t\t<div class=\"elementor-widget-container\">\n\t\t\t\t\t\t\t\t\t<p><strong>+49 40 538 79\u00a0 800 JETZT ANRUFEN<\/strong><\/p>\t\t\t\t\t\t\t\t<\/div>\n\t\t\t\t<\/div>\n\t\t\t\t<\/a>\n\t\t\t\t<\/div>\n\t\t\t\t<\/div>\n\t\t\t\t<\/div>\n\t\t","protected":false},"excerpt":{"rendered":"<p>Warmluftanlagen Warmluftger\u00e4te Heizger\u00e4te \u00d6l Heizger\u00e4te Gas Heizger\u00e4te Elektro Heizger\u00e4te Zubeh\u00f6r Heiz\u00f6l Tanks Heizger\u00e4te \u00d6l Heizger\u00e4te Gas Heizger\u00e4te Elektro Heizger\u00e4te Zubeh\u00f6r [&hellip;]<\/p>\n","protected":false},"author":1,"featured_media":0,"parent":0,"menu_order":0,"comment_status":"closed","ping_status":"closed","template":"","meta":{"_seopress_robots_primary_cat":"","_seopress_titles_title":"","_seopress_titles_desc":"","_seopress_robots_index":"","site-sidebar-layout":"no-sidebar","site-content-layout":"","ast-site-content-layout":"full-width-container","site-content-style":"default","site-sidebar-style":"default","ast-global-header-display":"","ast-banner-title-visibility":"","ast-main-header-display":"","ast-hfb-above-header-display":"","ast-hfb-below-header-display":"","ast-hfb-mobile-header-display":"","site-post-title":"disabled","ast-breadcrumbs-content":"","ast-featured-img":"disabled","footer-sml-layout":"","ast-disable-related-posts":"","theme-transparent-header-meta":"","adv-header-id-meta":"","stick-header-meta":"","header-above-stick-meta":"","header-main-stick-meta":"","header-below-stick-meta":"","astra-migrate-meta-layouts":"default","ast-page-background-enabled":"default","ast-page-background-meta":{"desktop":{"background-color":"var(--ast-global-color-4)","background-image":"","background-repeat":"repeat","background-position":"center center","background-size":"auto","background-attachment":"scroll","background-type":"","background-media":"","overlay-type":"","overlay-color":"","overlay-opacity":"","overlay-gradient":""},"tablet":{"background-color":"","background-image":"","background-repeat":"repeat","background-position":"center center","background-size":"auto","background-attachment":"scroll","background-type":"","background-media":"","overlay-type":"","overlay-color":"","overlay-opacity":"","overlay-gradient":""},"mobile":{"background-color":"","background-image":"","background-repeat":"repeat","background-position":"center center","background-size":"auto","background-attachment":"scroll","background-type":"","background-media":"","overlay-type":"","overlay-color":"","overlay-opacity":"","overlay-gradient":""}},"ast-content-background-meta":{"desktop":{"background-color":"var(--ast-global-color-5)","background-image":"","background-repeat":"repeat","background-position":"center center","background-size":"auto","background-attachment":"scroll","background-type":"","background-media":"","overlay-type":"","overlay-color":"","overlay-opacity":"","overlay-gradient":""},"tablet":{"background-color":"var(--ast-global-color-5)","background-image":"","background-repeat":"repeat","background-position":"center center","background-size":"auto","background-attachment":"scroll","background-type":"","background-media":"","overlay-type":"","overlay-color":"","overlay-opacity":"","overlay-gradient":""},"mobile":{"background-color":"var(--ast-global-color-5)","background-image":"","background-repeat":"repeat","background-position":"center center","background-size":"auto","background-attachment":"scroll","background-type":"","background-media":"","overlay-type":"","overlay-color":"","overlay-opacity":"","overlay-gradient":""}},"footnotes":""},"class_list":["post-981","page","type-page","status-publish","hentry"],"_links":{"self":[{"href":"https:\/\/hinsch-mietheizer.de\/index.php\/wp-json\/wp\/v2\/pages\/981","targetHints":{"allow":["GET"]}}],"collection":[{"href":"https:\/\/hinsch-mietheizer.de\/index.php\/wp-json\/wp\/v2\/pages"}],"about":[{"href":"https:\/\/hinsch-mietheizer.de\/index.php\/wp-json\/wp\/v2\/types\/page"}],"author":[{"embeddable":true,"href":"https:\/\/hinsch-mietheizer.de\/index.php\/wp-json\/wp\/v2\/users\/1"}],"replies":[{"embeddable":true,"href":"https:\/\/hinsch-mietheizer.de\/index.php\/wp-json\/wp\/v2\/comments?post=981"}],"version-history":[{"count":32,"href":"https:\/\/hinsch-mietheizer.de\/index.php\/wp-json\/wp\/v2\/pages\/981\/revisions"}],"predecessor-version":[{"id":1404,"href":"https:\/\/hinsch-mietheizer.de\/index.php\/wp-json\/wp\/v2\/pages\/981\/revisions\/1404"}],"wp:attachment":[{"href":"https:\/\/hinsch-mietheizer.de\/index.php\/wp-json\/wp\/v2\/media?parent=981"}],"curies":[{"name":"wp","href":"https:\/\/api.w.org\/{rel}","templated":true}]}}