{"id":988,"date":"2025-01-16T09:51:52","date_gmt":"2025-01-16T09:51:52","guid":{"rendered":"https:\/\/hinsch.streamlinegmbh.de\/?page_id=988"},"modified":"2025-02-11T16:26:08","modified_gmt":"2025-02-11T16:26:08","slug":"dunkelstrahler","status":"publish","type":"page","link":"https:\/\/hinsch-mietheizer.de\/index.php\/dunkelstrahler\/","title":{"rendered":"Dunkelstrahler"},"content":{"rendered":"\t\t<div data-elementor-type=\"wp-page\" data-elementor-id=\"988\" class=\"elementor elementor-988\" data-elementor-post-type=\"page\">\n\t\t\t\t<div class=\"elementor-element elementor-element-05ba259 e-flex e-con-boxed e-con e-parent\" data-id=\"05ba259\" data-element_type=\"container\" data-e-type=\"container\">\n\t\t\t\t\t<div class=\"e-con-inner\">\n\t\t<div class=\"elementor-element elementor-element-cd0b89d e-con-full e-flex e-con e-child\" data-id=\"cd0b89d\" data-element_type=\"container\" data-e-type=\"container\" data-settings=\"{&quot;background_background&quot;:&quot;classic&quot;}\">\n\t\t\t\t<div class=\"elementor-element elementor-element-4e20aca elementor-widget elementor-widget-heading\" data-id=\"4e20aca\" data-element_type=\"widget\" data-e-type=\"widget\" data-widget_type=\"heading.default\">\n\t\t\t\t<div class=\"elementor-widget-container\">\n\t\t\t\t\t<h2 class=\"elementor-heading-title elementor-size-default\">Dunkelstrahler<\/h2>\t\t\t\t<\/div>\n\t\t\t\t<\/div>\n\t\t\t\t<\/div>\n\t\t\t\t\t<\/div>\n\t\t\t\t<\/div>\n\t\t<div class=\"elementor-element elementor-element-3b789e1 e-con-full e-flex e-con e-parent\" data-id=\"3b789e1\" data-element_type=\"container\" data-e-type=\"container\" data-settings=\"{&quot;background_background&quot;:&quot;classic&quot;}\">\n\t\t<div class=\"elementor-element elementor-element-7495ce3 e-con-full e-flex e-con e-child\" data-id=\"7495ce3\" data-element_type=\"container\" data-e-type=\"container\">\n\t\t\t\t<div class=\"elementor-element elementor-element-7f6258b elementor-widget__width-initial elementor-widget elementor-widget-n-accordion\" data-id=\"7f6258b\" data-element_type=\"widget\" data-e-type=\"widget\" id=\"customMenu\" data-settings=\"{&quot;n_accordion_animation_duration&quot;:{&quot;unit&quot;:&quot;ms&quot;,&quot;size&quot;:30,&quot;sizes&quot;:[]},&quot;default_state&quot;:&quot;all_collapsed&quot;,&quot;max_items_expended&quot;:&quot;one&quot;}\" data-widget_type=\"nested-accordion.default\">\n\t\t\t\t<div class=\"elementor-widget-container\">\n\t\t\t\t\t\t\t<div class=\"e-n-accordion\" aria-label=\"Accordion. Open links with Enter or Space, close with Escape, and navigate with Arrow Keys\">\n\t\t\t\t\t\t<details id=\"orange\" class=\"e-n-accordion-item\" >\n\t\t\t\t<summary class=\"e-n-accordion-item-title\" data-accordion-index=\"1\" tabindex=\"0\" aria-expanded=\"false\" aria-controls=\"orange\" >\n\t\t\t\t\t<span class='e-n-accordion-item-title-header'><div class=\"e-n-accordion-item-title-text\"> Warmluftger\u00e4te <\/div><\/span>\n\t\t\t\t\t\t\t\t\t<\/summary>\n\t\t\t\t<div role=\"region\" aria-labelledby=\"orange\" class=\"elementor-element elementor-element-bc4c1f6 e-con-full e-flex e-con e-child\" data-id=\"bc4c1f6\" data-element_type=\"container\" data-e-type=\"container\">\n\t\t\t\t<div class=\"elementor-element elementor-element-e70ffe4 elementor-widget__width-inherit elementor-nav-menu--dropdown-none elementor-widget elementor-widget-nav-menu\" data-id=\"e70ffe4\" data-element_type=\"widget\" data-e-type=\"widget\" data-settings=\"{&quot;layout&quot;:&quot;vertical&quot;,&quot;submenu_icon&quot;:{&quot;value&quot;:&quot;&lt;i aria-hidden=\\&quot;true\\&quot; class=\\&quot;\\&quot;&gt;&lt;\\\/i&gt;&quot;,&quot;library&quot;:&quot;&quot;}}\" data-widget_type=\"nav-menu.default\">\n\t\t\t\t<div class=\"elementor-widget-container\">\n\t\t\t\t\t\t\t\t<nav aria-label=\"Men\u00fc\" class=\"elementor-nav-menu--main elementor-nav-menu__container elementor-nav-menu--layout-vertical e--pointer-none\">\n\t\t\t\t<ul id=\"menu-1-e70ffe4\" class=\"elementor-nav-menu sm-vertical\"><li class=\"menu-item menu-item-type-taxonomy menu-item-object-category menu-item-1144\"><a href=\"https:\/\/hinsch-mietheizer.de\/index.php\/unser-angebot\/warmluftgeraete\/heizgeraete-oel\/\" class=\"elementor-item menu-link\">Heizger\u00e4te \u00d6l<\/a><\/li>\n<li class=\"menu-item menu-item-type-taxonomy menu-item-object-category menu-item-1143\"><a href=\"https:\/\/hinsch-mietheizer.de\/index.php\/unser-angebot\/warmluftgeraete\/heizgeraete-gas\/\" class=\"elementor-item menu-link\">Heizger\u00e4te Gas<\/a><\/li>\n<li class=\"menu-item menu-item-type-taxonomy menu-item-object-category menu-item-1142\"><a href=\"https:\/\/hinsch-mietheizer.de\/index.php\/unser-angebot\/warmluftgeraete\/heizgeraete-elektro\/\" class=\"elementor-item menu-link\">Heizger\u00e4te Elektro<\/a><\/li>\n<li class=\"menu-item menu-item-type-taxonomy menu-item-object-category menu-item-1145\"><a href=\"https:\/\/hinsch-mietheizer.de\/index.php\/unser-angebot\/warmluftgeraete\/heizgeraete-zubehoer\/\" class=\"elementor-item menu-link\">Heizger\u00e4te Zubeh\u00f6r<\/a><\/li>\n<li class=\"menu-item menu-item-type-taxonomy menu-item-object-category menu-item-1146\"><a href=\"https:\/\/hinsch-mietheizer.de\/index.php\/unser-angebot\/warmluftgeraete\/heizoel-tanks\/\" class=\"elementor-item menu-link\">Heiz\u00f6l Tanks<\/a><\/li>\n<\/ul>\t\t\t<\/nav>\n\t\t\t\t\t\t<nav class=\"elementor-nav-menu--dropdown elementor-nav-menu__container\" aria-hidden=\"true\">\n\t\t\t\t<ul id=\"menu-2-e70ffe4\" class=\"elementor-nav-menu sm-vertical\"><li class=\"menu-item menu-item-type-taxonomy menu-item-object-category menu-item-1144\"><a href=\"https:\/\/hinsch-mietheizer.de\/index.php\/unser-angebot\/warmluftgeraete\/heizgeraete-oel\/\" class=\"elementor-item menu-link\" tabindex=\"-1\">Heizger\u00e4te \u00d6l<\/a><\/li>\n<li class=\"menu-item menu-item-type-taxonomy menu-item-object-category menu-item-1143\"><a href=\"https:\/\/hinsch-mietheizer.de\/index.php\/unser-angebot\/warmluftgeraete\/heizgeraete-gas\/\" class=\"elementor-item menu-link\" tabindex=\"-1\">Heizger\u00e4te Gas<\/a><\/li>\n<li class=\"menu-item menu-item-type-taxonomy menu-item-object-category menu-item-1142\"><a href=\"https:\/\/hinsch-mietheizer.de\/index.php\/unser-angebot\/warmluftgeraete\/heizgeraete-elektro\/\" class=\"elementor-item menu-link\" tabindex=\"-1\">Heizger\u00e4te Elektro<\/a><\/li>\n<li class=\"menu-item menu-item-type-taxonomy menu-item-object-category menu-item-1145\"><a href=\"https:\/\/hinsch-mietheizer.de\/index.php\/unser-angebot\/warmluftgeraete\/heizgeraete-zubehoer\/\" class=\"elementor-item menu-link\" tabindex=\"-1\">Heizger\u00e4te Zubeh\u00f6r<\/a><\/li>\n<li class=\"menu-item menu-item-type-taxonomy menu-item-object-category menu-item-1146\"><a href=\"https:\/\/hinsch-mietheizer.de\/index.php\/unser-angebot\/warmluftgeraete\/heizoel-tanks\/\" class=\"elementor-item menu-link\" tabindex=\"-1\">Heiz\u00f6l Tanks<\/a><\/li>\n<\/ul>\t\t\t<\/nav>\n\t\t\t\t\t\t<\/div>\n\t\t\t\t<\/div>\n\t\t\t\t<\/div>\n\t\t\t\t\t<\/details>\n\t\t\t\t\t\t<details id=\"e-n-accordion-item-1331\" class=\"e-n-accordion-item\" >\n\t\t\t\t<summary class=\"e-n-accordion-item-title\" data-accordion-index=\"2\" tabindex=\"-1\" aria-expanded=\"false\" aria-controls=\"e-n-accordion-item-1331\" >\n\t\t\t\t\t<span class='e-n-accordion-item-title-header'><div class=\"e-n-accordion-item-title-text\"> Heiztrailer <\/div><\/span>\n\t\t\t\t\t\t\t\t\t<\/summary>\n\t\t\t\t<div role=\"region\" aria-labelledby=\"e-n-accordion-item-1331\" class=\"elementor-element elementor-element-1773089 e-con-full e-flex e-con e-child\" data-id=\"1773089\" data-element_type=\"container\" data-e-type=\"container\">\n\t\t\t\t<div class=\"elementor-element elementor-element-7affc91 elementor-widget__width-inherit elementor-nav-menu--dropdown-none elementor-widget elementor-widget-nav-menu\" data-id=\"7affc91\" data-element_type=\"widget\" data-e-type=\"widget\" data-settings=\"{&quot;layout&quot;:&quot;vertical&quot;,&quot;submenu_icon&quot;:{&quot;value&quot;:&quot;&lt;i aria-hidden=\\&quot;true\\&quot; class=\\&quot;\\&quot;&gt;&lt;\\\/i&gt;&quot;,&quot;library&quot;:&quot;&quot;}}\" data-widget_type=\"nav-menu.default\">\n\t\t\t\t<div class=\"elementor-widget-container\">\n\t\t\t\t\t\t\t\t<nav aria-label=\"Men\u00fc\" class=\"elementor-nav-menu--main elementor-nav-menu__container elementor-nav-menu--layout-vertical e--pointer-none\">\n\t\t\t\t<ul id=\"menu-1-7affc91\" class=\"elementor-nav-menu sm-vertical\"><li class=\"menu-item menu-item-type-taxonomy menu-item-object-category menu-item-1147\"><a href=\"https:\/\/hinsch-mietheizer.de\/index.php\/unser-angebot\/heiztrailer\/heizcontainer\/\" class=\"elementor-item menu-link\">Heizcontainer<\/a><\/li>\n<li class=\"menu-item menu-item-type-taxonomy menu-item-object-category menu-item-1148\"><a href=\"https:\/\/hinsch-mietheizer.de\/index.php\/unser-angebot\/heiztrailer\/heiztrailer-city-heizmobile\/\" class=\"elementor-item menu-link\">Heiztrailer City-Heizmobile<\/a><\/li>\n<li class=\"menu-item menu-item-type-taxonomy menu-item-object-category menu-item-1149\"><a href=\"https:\/\/hinsch-mietheizer.de\/index.php\/unser-angebot\/heiztrailer\/heiztrolleys-elektro-heizmobile\/\" class=\"elementor-item menu-link\">Heiztrolleys \/ Elektro-Heizmobile<\/a><\/li>\n<\/ul>\t\t\t<\/nav>\n\t\t\t\t\t\t<nav class=\"elementor-nav-menu--dropdown elementor-nav-menu__container\" aria-hidden=\"true\">\n\t\t\t\t<ul id=\"menu-2-7affc91\" class=\"elementor-nav-menu sm-vertical\"><li class=\"menu-item menu-item-type-taxonomy menu-item-object-category menu-item-1147\"><a href=\"https:\/\/hinsch-mietheizer.de\/index.php\/unser-angebot\/heiztrailer\/heizcontainer\/\" class=\"elementor-item menu-link\" tabindex=\"-1\">Heizcontainer<\/a><\/li>\n<li class=\"menu-item menu-item-type-taxonomy menu-item-object-category menu-item-1148\"><a href=\"https:\/\/hinsch-mietheizer.de\/index.php\/unser-angebot\/heiztrailer\/heiztrailer-city-heizmobile\/\" class=\"elementor-item menu-link\" tabindex=\"-1\">Heiztrailer City-Heizmobile<\/a><\/li>\n<li class=\"menu-item menu-item-type-taxonomy menu-item-object-category menu-item-1149\"><a href=\"https:\/\/hinsch-mietheizer.de\/index.php\/unser-angebot\/heiztrailer\/heiztrolleys-elektro-heizmobile\/\" class=\"elementor-item menu-link\" tabindex=\"-1\">Heiztrolleys \/ Elektro-Heizmobile<\/a><\/li>\n<\/ul>\t\t\t<\/nav>\n\t\t\t\t\t\t<\/div>\n\t\t\t\t<\/div>\n\t\t\t\t<\/div>\n\t\t\t\t\t<\/details>\n\t\t\t\t\t\t<details id=\"e-n-accordion-item-1332\" class=\"e-n-accordion-item\" >\n\t\t\t\t<summary class=\"e-n-accordion-item-title\" data-accordion-index=\"3\" tabindex=\"-1\" aria-expanded=\"false\" aria-controls=\"e-n-accordion-item-1332\" >\n\t\t\t\t\t<span class='e-n-accordion-item-title-header'><div class=\"e-n-accordion-item-title-text\"> Trockner\/L\u00fcfter <\/div><\/span>\n\t\t\t\t\t\t\t\t\t<\/summary>\n\t\t\t\t<div role=\"region\" aria-labelledby=\"e-n-accordion-item-1332\" class=\"elementor-element elementor-element-0e8118c e-con-full e-flex e-con e-child\" data-id=\"0e8118c\" data-element_type=\"container\" data-e-type=\"container\">\n\t\t\t\t<div class=\"elementor-element elementor-element-c064db6 elementor-widget__width-initial elementor-nav-menu--dropdown-none elementor-widget elementor-widget-nav-menu\" data-id=\"c064db6\" data-element_type=\"widget\" data-e-type=\"widget\" data-settings=\"{&quot;layout&quot;:&quot;vertical&quot;,&quot;submenu_icon&quot;:{&quot;value&quot;:&quot;&lt;i aria-hidden=\\&quot;true\\&quot; class=\\&quot;\\&quot;&gt;&lt;\\\/i&gt;&quot;,&quot;library&quot;:&quot;&quot;}}\" data-widget_type=\"nav-menu.default\">\n\t\t\t\t<div class=\"elementor-widget-container\">\n\t\t\t\t\t\t\t\t<nav aria-label=\"Men\u00fc\" class=\"elementor-nav-menu--main elementor-nav-menu__container elementor-nav-menu--layout-vertical e--pointer-none\">\n\t\t\t\t<ul id=\"menu-1-c064db6\" class=\"elementor-nav-menu sm-vertical\"><li class=\"menu-item menu-item-type-taxonomy menu-item-object-category menu-item-1151\"><a href=\"https:\/\/hinsch-mietheizer.de\/index.php\/unser-angebot\/trockner-luefter\/trockner\/\" class=\"elementor-item menu-link\">Trockner<\/a><\/li>\n<li class=\"menu-item menu-item-type-taxonomy menu-item-object-category menu-item-1150\"><a href=\"https:\/\/hinsch-mietheizer.de\/index.php\/unser-angebot\/trockner-luefter\/luefter\/\" class=\"elementor-item menu-link\">L\u00fcfter<\/a><\/li>\n<\/ul>\t\t\t<\/nav>\n\t\t\t\t\t\t<nav class=\"elementor-nav-menu--dropdown elementor-nav-menu__container\" aria-hidden=\"true\">\n\t\t\t\t<ul id=\"menu-2-c064db6\" class=\"elementor-nav-menu sm-vertical\"><li class=\"menu-item menu-item-type-taxonomy menu-item-object-category menu-item-1151\"><a href=\"https:\/\/hinsch-mietheizer.de\/index.php\/unser-angebot\/trockner-luefter\/trockner\/\" class=\"elementor-item menu-link\" tabindex=\"-1\">Trockner<\/a><\/li>\n<li class=\"menu-item menu-item-type-taxonomy menu-item-object-category menu-item-1150\"><a href=\"https:\/\/hinsch-mietheizer.de\/index.php\/unser-angebot\/trockner-luefter\/luefter\/\" class=\"elementor-item menu-link\" tabindex=\"-1\">L\u00fcfter<\/a><\/li>\n<\/ul>\t\t\t<\/nav>\n\t\t\t\t\t\t<\/div>\n\t\t\t\t<\/div>\n\t\t\t\t<\/div>\n\t\t\t\t\t<\/details>\n\t\t\t\t\t\t<details id=\"e-n-accordion-item-1333\" class=\"e-n-accordion-item\" >\n\t\t\t\t<summary class=\"e-n-accordion-item-title\" data-accordion-index=\"4\" tabindex=\"-1\" aria-expanded=\"false\" aria-controls=\"e-n-accordion-item-1333\" >\n\t\t\t\t\t<span class='e-n-accordion-item-title-header'><div class=\"e-n-accordion-item-title-text\"> Spot Cooler <\/div><\/span>\n\t\t\t\t\t\t\t\t\t<\/summary>\n\t\t\t\t<div role=\"region\" aria-labelledby=\"e-n-accordion-item-1333\" class=\"elementor-element elementor-element-18a95ba e-flex e-con-boxed e-con e-child\" data-id=\"18a95ba\" data-element_type=\"container\" data-e-type=\"container\">\n\t\t\t\t\t<div class=\"e-con-inner\">\n\t\t\t\t<div class=\"elementor-element elementor-element-5dcf210 elementor-widget__width-initial elementor-nav-menu--dropdown-none elementor-widget elementor-widget-nav-menu\" data-id=\"5dcf210\" data-element_type=\"widget\" data-e-type=\"widget\" data-settings=\"{&quot;layout&quot;:&quot;vertical&quot;,&quot;submenu_icon&quot;:{&quot;value&quot;:&quot;&lt;i aria-hidden=\\&quot;true\\&quot; class=\\&quot;\\&quot;&gt;&lt;\\\/i&gt;&quot;,&quot;library&quot;:&quot;&quot;}}\" data-widget_type=\"nav-menu.default\">\n\t\t\t\t<div class=\"elementor-widget-container\">\n\t\t\t\t\t\t\t\t<nav aria-label=\"Men\u00fc\" class=\"elementor-nav-menu--main elementor-nav-menu__container elementor-nav-menu--layout-vertical e--pointer-none\">\n\t\t\t\t<ul id=\"menu-1-5dcf210\" class=\"elementor-nav-menu sm-vertical\"><li class=\"menu-item menu-item-type-taxonomy menu-item-object-category menu-item-1152\"><a href=\"https:\/\/hinsch-mietheizer.de\/index.php\/unser-angebot\/spot-cooler\/airhandler-kaltwassersaetze-klimageraete\/\" class=\"elementor-item menu-link\">Airhandler Kaltwassers\u00e4tze Klimager\u00e4te<\/a><\/li>\n<li class=\"menu-item menu-item-type-taxonomy menu-item-object-category menu-item-1153\"><a href=\"https:\/\/hinsch-mietheizer.de\/index.php\/unser-angebot\/spot-cooler\/spotcooler-spotcooler\/\" class=\"elementor-item menu-link\">Spotcooler<\/a><\/li>\n<\/ul>\t\t\t<\/nav>\n\t\t\t\t\t\t<nav class=\"elementor-nav-menu--dropdown elementor-nav-menu__container\" aria-hidden=\"true\">\n\t\t\t\t<ul id=\"menu-2-5dcf210\" class=\"elementor-nav-menu sm-vertical\"><li class=\"menu-item menu-item-type-taxonomy menu-item-object-category menu-item-1152\"><a href=\"https:\/\/hinsch-mietheizer.de\/index.php\/unser-angebot\/spot-cooler\/airhandler-kaltwassersaetze-klimageraete\/\" class=\"elementor-item menu-link\" tabindex=\"-1\">Airhandler Kaltwassers\u00e4tze Klimager\u00e4te<\/a><\/li>\n<li class=\"menu-item menu-item-type-taxonomy menu-item-object-category menu-item-1153\"><a href=\"https:\/\/hinsch-mietheizer.de\/index.php\/unser-angebot\/spot-cooler\/spotcooler-spotcooler\/\" class=\"elementor-item menu-link\" tabindex=\"-1\">Spotcooler<\/a><\/li>\n<\/ul>\t\t\t<\/nav>\n\t\t\t\t\t\t<\/div>\n\t\t\t\t<\/div>\n\t\t\t\t\t<\/div>\n\t\t\t\t<\/div>\n\t\t\t\t\t<\/details>\n\t\t\t\t\t\t<details id=\"e-n-accordion-item-1334\" class=\"e-n-accordion-item\" >\n\t\t\t\t<summary class=\"e-n-accordion-item-title\" data-accordion-index=\"5\" tabindex=\"-1\" aria-expanded=\"false\" aria-controls=\"e-n-accordion-item-1334\" >\n\t\t\t\t\t<span class='e-n-accordion-item-title-header'><div class=\"e-n-accordion-item-title-text\"> Heizhallen <\/div><\/span>\n\t\t\t\t\t\t\t\t\t<\/summary>\n\t\t\t\t<div role=\"region\" aria-labelledby=\"e-n-accordion-item-1334\" class=\"elementor-element elementor-element-7bd6ce7 e-flex e-con-boxed e-con e-child\" data-id=\"7bd6ce7\" data-element_type=\"container\" data-e-type=\"container\">\n\t\t\t\t\t<div class=\"e-con-inner\">\n\t\t\t\t<div class=\"elementor-element elementor-element-b675e72 elementor-widget__width-initial elementor-nav-menu--dropdown-none elementor-widget elementor-widget-nav-menu\" data-id=\"b675e72\" data-element_type=\"widget\" data-e-type=\"widget\" data-settings=\"{&quot;layout&quot;:&quot;vertical&quot;,&quot;submenu_icon&quot;:{&quot;value&quot;:&quot;&lt;i aria-hidden=\\&quot;true\\&quot; class=\\&quot;\\&quot;&gt;&lt;\\\/i&gt;&quot;,&quot;library&quot;:&quot;&quot;}}\" data-widget_type=\"nav-menu.default\">\n\t\t\t\t<div class=\"elementor-widget-container\">\n\t\t\t\t\t\t\t\t<nav aria-label=\"Men\u00fc\" class=\"elementor-nav-menu--main elementor-nav-menu__container elementor-nav-menu--layout-vertical e--pointer-none\">\n\t\t\t\t<ul id=\"menu-1-b675e72\" class=\"elementor-nav-menu sm-vertical\"><li class=\"menu-item menu-item-type-post_type menu-item-object-page menu-item-1155\"><a href=\"https:\/\/hinsch-mietheizer.de\/index.php\/warmluftanlagen\/\" class=\"elementor-item menu-link\">Warmluftanlagen<\/a><\/li>\n<li class=\"menu-item menu-item-type-post_type menu-item-object-page menu-item-1154\"><a href=\"https:\/\/hinsch-mietheizer.de\/index.php\/dunkelstrahler\/\" class=\"elementor-item menu-link\">Dunkelstrahler<\/a><\/li>\n<\/ul>\t\t\t<\/nav>\n\t\t\t\t\t\t<nav class=\"elementor-nav-menu--dropdown elementor-nav-menu__container\" aria-hidden=\"true\">\n\t\t\t\t<ul id=\"menu-2-b675e72\" class=\"elementor-nav-menu sm-vertical\"><li class=\"menu-item menu-item-type-post_type menu-item-object-page menu-item-1155\"><a href=\"https:\/\/hinsch-mietheizer.de\/index.php\/warmluftanlagen\/\" class=\"elementor-item menu-link\" tabindex=\"-1\">Warmluftanlagen<\/a><\/li>\n<li class=\"menu-item menu-item-type-post_type menu-item-object-page menu-item-1154\"><a href=\"https:\/\/hinsch-mietheizer.de\/index.php\/dunkelstrahler\/\" class=\"elementor-item menu-link\" tabindex=\"-1\">Dunkelstrahler<\/a><\/li>\n<\/ul>\t\t\t<\/nav>\n\t\t\t\t\t\t<\/div>\n\t\t\t\t<\/div>\n\t\t\t\t\t<\/div>\n\t\t\t\t<\/div>\n\t\t\t\t\t<\/details>\n\t\t\t\t\t<\/div>\n\t\t\t\t\t\t<\/div>\n\t\t\t\t<\/div>\n\t\t\t\t<\/div>\n\t\t<div class=\"elementor-element elementor-element-5c04239 e-con-full e-flex e-con e-child\" data-id=\"5c04239\" data-element_type=\"container\" data-e-type=\"container\">\n\t\t\t\t<div class=\"elementor-element elementor-element-23d675f elementor-widget elementor-widget-text-editor\" data-id=\"23d675f\" data-element_type=\"widget\" data-e-type=\"widget\" data-widget_type=\"text-editor.default\">\n\t\t\t\t<div class=\"elementor-widget-container\">\n\t\t\t\t\t\t\t\t\t<h1 style=\"font-size: 40px;\">Sie ben\u00f6tigen eine Hallenheizung?<\/h1><p><strong>Wir liefern optimal energiesparende Dunkelstrahler!<\/strong><\/p><p>Gerade im Bereich der Bestandsgeb\u00e4ude mit hohen Hallen und geringeren Isolationswerten ist der Einsatz von Dunkelstrahlungsger\u00e4ten mit Erdgas- oder Fl\u00fcssiggas-Brennern eine sehr wirtschaftliche Alternative, um kosteng\u00fcnstig mit einer station\u00e4ren Anlage zu heizen. Ein besonderer Vorteil dieser Ger\u00e4te ergibt sich aus dem Einsatz als Teilfl\u00e4chen-Beheizung, wenn nur bestimmte Arbeitsbereiche mit W\u00e4rme versorgt werden sollen. Auch in Sporthallen mit tempor\u00e4rer Nutzung haben sich diese flexibel einsetzbaren Ger\u00e4te wegen ihrer schnellen Aufheizphase sehr bew\u00e4hrt.<br \/><br \/>Unser Angebot umfasst verschiedene Ausf\u00fchrungen, z.B. als U-Rohr-Strahlungselement, als Langfeldstrahler oder als farblich an Ihr Geb\u00e4ude anpassbares Design-Strahlungsfeld.<\/p><p>Durch digitale Steuerungssysteme mit der M\u00f6glichkeit der Einbindung in eine vorhandene Geb\u00e4udeleittechnik k\u00f6nnen die Systeme exakt nach Ihrem Bedarf konfiguriert werden. Eine transparente Men\u00fcf\u00fchrung zeigt alle notwendigen aktuellen Daten zum Zustand des Anlagenbetriebs an, und dokumentiert Temperaturverl\u00e4ufe, Verbrauchswerte und die Heizleistung. Eine zukunftsweisende Technik!<\/p><p>Wir beraten Sie gern!<\/p>\t\t\t\t\t\t\t\t<\/div>\n\t\t\t\t<\/div>\n\t\t\t\t<\/div>\n\t\t<div class=\"elementor-element elementor-element-186fa40 e-con-full e-flex e-con e-child\" data-id=\"186fa40\" data-element_type=\"container\" data-e-type=\"container\">\n\t\t<div class=\"elementor-element elementor-element-30b78c9 e-con-full e-flex e-con e-child\" data-id=\"30b78c9\" data-element_type=\"container\" data-e-type=\"container\" data-settings=\"{&quot;background_background&quot;:&quot;classic&quot;}\">\n\t\t\t\t<\/div>\n\t\t<a class=\"elementor-element elementor-element-45b2a82 e-con-full e-flex e-con e-child\" data-id=\"45b2a82\" data-element_type=\"container\" data-e-type=\"container\" data-settings=\"{&quot;background_background&quot;:&quot;classic&quot;}\" href=\"tel:+49%2040%20538%2079%20800\">\n\t\t\t\t<div class=\"elementor-element elementor-element-e330cdc elementor-widget__width-initial elementor-widget elementor-widget-text-editor\" data-id=\"e330cdc\" data-element_type=\"widget\" data-e-type=\"widget\" data-widget_type=\"text-editor.default\">\n\t\t\t\t<div class=\"elementor-widget-container\">\n\t\t\t\t\t\t\t\t\t<p><strong>+49 40 538 79\u00a0 800 JETZT ANRUFEN<\/strong><\/p>\t\t\t\t\t\t\t\t<\/div>\n\t\t\t\t<\/div>\n\t\t\t\t<\/a>\n\t\t\t\t<\/div>\n\t\t\t\t<\/div>\n\t\t\t\t<\/div>\n\t\t","protected":false},"excerpt":{"rendered":"<p>Dunkelstrahler Warmluftger\u00e4te Heizger\u00e4te \u00d6l Heizger\u00e4te Gas Heizger\u00e4te Elektro Heizger\u00e4te Zubeh\u00f6r Heiz\u00f6l Tanks Heizger\u00e4te \u00d6l Heizger\u00e4te Gas Heizger\u00e4te Elektro Heizger\u00e4te Zubeh\u00f6r [&hellip;]<\/p>\n","protected":false},"author":1,"featured_media":0,"parent":0,"menu_order":0,"comment_status":"closed","ping_status":"closed","template":"","meta":{"_seopress_robots_primary_cat":"","_seopress_titles_title":"","_seopress_titles_desc":"","_seopress_robots_index":"","site-sidebar-layout":"no-sidebar","site-content-layout":"","ast-site-content-layout":"full-width-container","site-content-style":"default","site-sidebar-style":"default","ast-global-header-display":"","ast-banner-title-visibility":"","ast-main-header-display":"","ast-hfb-above-header-display":"","ast-hfb-below-header-display":"","ast-hfb-mobile-header-display":"","site-post-title":"disabled","ast-breadcrumbs-content":"","ast-featured-img":"disabled","footer-sml-layout":"","ast-disable-related-posts":"","theme-transparent-header-meta":"","adv-header-id-meta":"","stick-header-meta":"","header-above-stick-meta":"","header-main-stick-meta":"","header-below-stick-meta":"","astra-migrate-meta-layouts":"default","ast-page-background-enabled":"default","ast-page-background-meta":{"desktop":{"background-color":"var(--ast-global-color-4)","background-image":"","background-repeat":"repeat","background-position":"center center","background-size":"auto","background-attachment":"scroll","background-type":"","background-media":"","overlay-type":"","overlay-color":"","overlay-opacity":"","overlay-gradient":""},"tablet":{"background-color":"","background-image":"","background-repeat":"repeat","background-position":"center center","background-size":"auto","background-attachment":"scroll","background-type":"","background-media":"","overlay-type":"","overlay-color":"","overlay-opacity":"","overlay-gradient":""},"mobile":{"background-color":"","background-image":"","background-repeat":"repeat","background-position":"center center","background-size":"auto","background-attachment":"scroll","background-type":"","background-media":"","overlay-type":"","overlay-color":"","overlay-opacity":"","overlay-gradient":""}},"ast-content-background-meta":{"desktop":{"background-color":"var(--ast-global-color-5)","background-image":"","background-repeat":"repeat","background-position":"center center","background-size":"auto","background-attachment":"scroll","background-type":"","background-media":"","overlay-type":"","overlay-color":"","overlay-opacity":"","overlay-gradient":""},"tablet":{"background-color":"var(--ast-global-color-5)","background-image":"","background-repeat":"repeat","background-position":"center center","background-size":"auto","background-attachment":"scroll","background-type":"","background-media":"","overlay-type":"","overlay-color":"","overlay-opacity":"","overlay-gradient":""},"mobile":{"background-color":"var(--ast-global-color-5)","background-image":"","background-repeat":"repeat","background-position":"center center","background-size":"auto","background-attachment":"scroll","background-type":"","background-media":"","overlay-type":"","overlay-color":"","overlay-opacity":"","overlay-gradient":""}},"footnotes":""},"class_list":["post-988","page","type-page","status-publish","hentry"],"_links":{"self":[{"href":"https:\/\/hinsch-mietheizer.de\/index.php\/wp-json\/wp\/v2\/pages\/988","targetHints":{"allow":["GET"]}}],"collection":[{"href":"https:\/\/hinsch-mietheizer.de\/index.php\/wp-json\/wp\/v2\/pages"}],"about":[{"href":"https:\/\/hinsch-mietheizer.de\/index.php\/wp-json\/wp\/v2\/types\/page"}],"author":[{"embeddable":true,"href":"https:\/\/hinsch-mietheizer.de\/index.php\/wp-json\/wp\/v2\/users\/1"}],"replies":[{"embeddable":true,"href":"https:\/\/hinsch-mietheizer.de\/index.php\/wp-json\/wp\/v2\/comments?post=988"}],"version-history":[{"count":22,"href":"https:\/\/hinsch-mietheizer.de\/index.php\/wp-json\/wp\/v2\/pages\/988\/revisions"}],"predecessor-version":[{"id":1407,"href":"https:\/\/hinsch-mietheizer.de\/index.php\/wp-json\/wp\/v2\/pages\/988\/revisions\/1407"}],"wp:attachment":[{"href":"https:\/\/hinsch-mietheizer.de\/index.php\/wp-json\/wp\/v2\/media?parent=988"}],"curies":[{"name":"wp","href":"https:\/\/api.w.org\/{rel}","templated":true}]}}